{"id":259,"date":"2023-02-17T09:39:20","date_gmt":"2023-02-17T09:39:20","guid":{"rendered":"http:\/\/www.rekbyt.cz\/?page_id=259"},"modified":"2024-04-22T20:23:39","modified_gmt":"2024-04-22T20:23:39","slug":"o-nas","status":"publish","type":"page","link":"https:\/\/www.rekbyt.cz\/index.php\/o-nas\/","title":{"rendered":"O n\u00e1s"},"content":{"rendered":"\n<p class=\"has-primary-color has-text-color\">Prov\u00e1d\u00edme vnit\u0159n\u00ed rekonstrukce byt\u016f, dom\u016f, kancel\u00e1\u0159\u00ed, gar\u00e1\u017e\u00ed, komer\u010dn\u00edch prostor. Zaji\u0161\u0165ujeme spr\u00e1vu a \u00fadr\u017ebu budov (zejm\u00e9na pro SVJ). Samoz\u0159ejmost\u00ed je individu\u00e1ln\u00ed (velmi \u010dasto netradi\u010dn\u00ed \u0159e\u0161en\u00ed) a profesion\u00e1ln\u00ed p\u0159\u00edstup, pou\u017eit\u00ed modern\u00edch materi\u00e1l\u016f a postup\u016f. V\u011bt\u0161inu zak\u00e1zek realizujeme sami stylem N\u00e1vrh &#8211; Realizace &#8211; \u00daklid.<\/p>\n\n\n\n<p>Tr\u00e1p\u00ed V\u00e1s n\u00edzk\u00fd rozpo\u010det? Nevad\u00ed! V\u00e1\u0161 projekt rozd\u011bl\u00edme na etapy, ka\u017ed\u00fd krok nacen\u00edme zvl\u00e1\u0161\u0165 a porad\u00edme kde za\u010d\u00edt. Cenu zn\u00e1te v\u017edy p\u0159edem a je na V\u00e1s, kdy se rozhodnete jakou etapu realizovat.<\/p>\n","protected":false},"excerpt":{"rendered":"<p>Prov\u00e1d\u00edme vnit\u0159n\u00ed rekonstrukce byt\u016f, dom\u016f, kancel\u00e1\u0159\u00ed, gar\u00e1\u017e\u00ed, komer\u010dn\u00edch prostor. Zaji\u0161\u0165ujeme spr\u00e1vu a \u00fadr\u017ebu budov (zejm\u00e9na pro SVJ). Samoz\u0159ejmost\u00ed je individu\u00e1ln\u00ed (velmi \u010dasto netradi\u010dn\u00ed \u0159e\u0161en\u00ed) a profesion\u00e1ln\u00ed p\u0159\u00edstup, pou\u017eit\u00ed modern\u00edch materi\u00e1l\u016f a postup\u016f. V\u011bt\u0161inu zak\u00e1zek realizujeme sami stylem N\u00e1vrh &#8211; Realizace &#8211; \u00daklid. Tr\u00e1p\u00ed V\u00e1s n\u00edzk\u00fd rozpo\u010det? Nevad\u00ed! V\u00e1\u0161 projekt rozd\u011bl\u00edme na etapy, ka\u017ed\u00fd krok nacen\u00edme [&hellip;]<\/p>\n","protected":false},"author":1,"featured_media":0,"parent":0,"menu_order":0,"comment_status":"closed","ping_status":"closed","template":"","meta":[],"_links":{"self":[{"href":"https:\/\/www.rekbyt.cz\/index.php\/wp-json\/wp\/v2\/pages\/259"}],"collection":[{"href":"https:\/\/www.rekbyt.cz\/index.php\/wp-json\/wp\/v2\/pages"}],"about":[{"href":"https:\/\/www.rekbyt.cz\/index.php\/wp-json\/wp\/v2\/types\/page"}],"author":[{"embeddable":true,"href":"https:\/\/www.rekbyt.cz\/index.php\/wp-json\/wp\/v2\/users\/1"}],"replies":[{"embeddable":true,"href":"https:\/\/www.rekbyt.cz\/index.php\/wp-json\/wp\/v2\/comments?post=259"}],"version-history":[{"count":6,"href":"https:\/\/www.rekbyt.cz\/index.php\/wp-json\/wp\/v2\/pages\/259\/revisions"}],"predecessor-version":[{"id":551,"href":"https:\/\/www.rekbyt.cz\/index.php\/wp-json\/wp\/v2\/pages\/259\/revisions\/551"}],"wp:attachment":[{"href":"https:\/\/www.rekbyt.cz\/index.php\/wp-json\/wp\/v2\/media?parent=259"}],"curies":[{"name":"wp","href":"https:\/\/api.w.org\/{rel}","templated":true}]}}