{"id":525,"date":"2024-04-04T15:55:37","date_gmt":"2024-04-04T15:55:37","guid":{"rendered":"https:\/\/www.rekbyt.cz\/?page_id=525"},"modified":"2024-04-06T09:41:10","modified_gmt":"2024-04-06T09:41:10","slug":"byt","status":"publish","type":"page","link":"https:\/\/www.rekbyt.cz\/index.php\/byt\/","title":{"rendered":"Pron\u00e1jem bytu 1+kk 41m2"},"content":{"rendered":"\n<figure class=\"wp-block-video\"><video controls src=\"https:\/\/www.rekbyt.cz\/wp-content\/uploads\/2024\/04\/byt-nabidka.mp4\"><\/video><\/figure>\n\n\n\n<p>1+kk, 41m2, 12000 K\u010d+2794 K\u010d (2 osoby), energie budou p\u0159eps\u00e1ny na n\u00e1jemce, kauce 20 000K\u010d. K bytu n\u00e1le\u017e\u00ed spole\u010dn\u00fd dv\u016fr a sklepn\u00ed k\u00f3je 1,5m2.<\/p>\n\n\n\n<p>Byt je po kompletn\u00ed rekonstrukci. Nach\u00e1z\u00ed se ve 4 pat\u0159e bez v\u00fdtahu, je vybaven kuchy\u0148skou linkou a kombinovan\u00fdm spor\u00e1kem. Klidn\u00e1 lokalita, dobr\u00e9 parkov\u00e1n\u00ed, MHD p\u0159ed domem, vlak 10 minut ch\u016fze, ve\u0161ker\u00e1 ob\u010dansk\u00e1 vybavenost.<\/p>\n\n\n\n<p>V p\u0159\u00edpad\u011b z\u00e1jmu mne kontaktujte na info@rekbyt.cz .<\/p>\n","protected":false},"excerpt":{"rendered":"<p>1+kk, 41m2, 12000 K\u010d+2794 K\u010d (2 osoby), energie budou p\u0159eps\u00e1ny na n\u00e1jemce, kauce 20 000K\u010d. K bytu n\u00e1le\u017e\u00ed spole\u010dn\u00fd dv\u016fr a sklepn\u00ed k\u00f3je 1,5m2. Byt je po kompletn\u00ed rekonstrukci. Nach\u00e1z\u00ed se ve 4 pat\u0159e bez v\u00fdtahu, je vybaven kuchy\u0148skou linkou a kombinovan\u00fdm spor\u00e1kem. Klidn\u00e1 lokalita, dobr\u00e9 parkov\u00e1n\u00ed, MHD p\u0159ed domem, vlak 10 minut ch\u016fze, ve\u0161ker\u00e1 [&hellip;]<\/p>\n","protected":false},"author":1,"featured_media":0,"parent":0,"menu_order":0,"comment_status":"closed","ping_status":"closed","template":"","meta":[],"_links":{"self":[{"href":"https:\/\/www.rekbyt.cz\/index.php\/wp-json\/wp\/v2\/pages\/525"}],"collection":[{"href":"https:\/\/www.rekbyt.cz\/index.php\/wp-json\/wp\/v2\/pages"}],"about":[{"href":"https:\/\/www.rekbyt.cz\/index.php\/wp-json\/wp\/v2\/types\/page"}],"author":[{"embeddable":true,"href":"https:\/\/www.rekbyt.cz\/index.php\/wp-json\/wp\/v2\/users\/1"}],"replies":[{"embeddable":true,"href":"https:\/\/www.rekbyt.cz\/index.php\/wp-json\/wp\/v2\/comments?post=525"}],"version-history":[{"count":7,"href":"https:\/\/www.rekbyt.cz\/index.php\/wp-json\/wp\/v2\/pages\/525\/revisions"}],"predecessor-version":[{"id":536,"href":"https:\/\/www.rekbyt.cz\/index.php\/wp-json\/wp\/v2\/pages\/525\/revisions\/536"}],"wp:attachment":[{"href":"https:\/\/www.rekbyt.cz\/index.php\/wp-json\/wp\/v2\/media?parent=525"}],"curies":[{"name":"wp","href":"https:\/\/api.w.org\/{rel}","templated":true}]}}