{"id":58,"date":"2021-05-04T21:00:47","date_gmt":"2021-05-04T21:00:47","guid":{"rendered":"http:\/\/www.rekbyt.cz\/?page_id=58"},"modified":"2021-05-07T19:02:35","modified_gmt":"2021-05-07T19:02:35","slug":"rozvody-vody","status":"publish","type":"page","link":"https:\/\/www.rekbyt.cz\/index.php\/rozvody-vody\/","title":{"rendered":"Mal\u00ed\u0159sk\u00e9 a nat\u011bra\u010dsk\u00e9 pr\u00e1ce"},"content":{"rendered":"\n<figure class=\"wp-block-image size-large is-style-default\"><img decoding=\"async\" loading=\"lazy\" width=\"626\" height=\"417\" src=\"http:\/\/www.rekbyt.cz\/wp-content\/uploads\/2021\/05\/buckets-paint-floor_53876-63280.jpg\" alt=\"\" class=\"wp-image-97\" srcset=\"https:\/\/www.rekbyt.cz\/wp-content\/uploads\/2021\/05\/buckets-paint-floor_53876-63280.jpg 626w, https:\/\/www.rekbyt.cz\/wp-content\/uploads\/2021\/05\/buckets-paint-floor_53876-63280-300x200.jpg 300w\" sizes=\"(max-width: 626px) 100vw, 626px\" \/><\/figure>\n\n\n\n<ul><li>vymalov\u00e1n\u00ed bytu, domu \u010di provozovny, kancel\u00e1\u0159\u00ed, \u0161kol, spole\u010dn\u00fdch prostor dom\u016f<\/li><li>odstran\u011bn\u00ed star\u00e9 malby a tapet<\/li><li>opravy po\u0161kozen\u00fdch povrch\u016f<\/li><li>v\u00fdmalba technikou airless<\/li><li>n\u00e1t\u011br z\u00e1rubn\u00ed<\/li><\/ul>\n","protected":false},"excerpt":{"rendered":"<p>vymalov\u00e1n\u00ed bytu, domu \u010di provozovny, kancel\u00e1\u0159\u00ed, \u0161kol, spole\u010dn\u00fdch prostor dom\u016f odstran\u011bn\u00ed star\u00e9 malby a tapet opravy po\u0161kozen\u00fdch povrch\u016f v\u00fdmalba technikou airless n\u00e1t\u011br z\u00e1rubn\u00ed<\/p>\n","protected":false},"author":1,"featured_media":0,"parent":0,"menu_order":0,"comment_status":"closed","ping_status":"closed","template":"","meta":[],"_links":{"self":[{"href":"https:\/\/www.rekbyt.cz\/index.php\/wp-json\/wp\/v2\/pages\/58"}],"collection":[{"href":"https:\/\/www.rekbyt.cz\/index.php\/wp-json\/wp\/v2\/pages"}],"about":[{"href":"https:\/\/www.rekbyt.cz\/index.php\/wp-json\/wp\/v2\/types\/page"}],"author":[{"embeddable":true,"href":"https:\/\/www.rekbyt.cz\/index.php\/wp-json\/wp\/v2\/users\/1"}],"replies":[{"embeddable":true,"href":"https:\/\/www.rekbyt.cz\/index.php\/wp-json\/wp\/v2\/comments?post=58"}],"version-history":[{"count":7,"href":"https:\/\/www.rekbyt.cz\/index.php\/wp-json\/wp\/v2\/pages\/58\/revisions"}],"predecessor-version":[{"id":208,"href":"https:\/\/www.rekbyt.cz\/index.php\/wp-json\/wp\/v2\/pages\/58\/revisions\/208"}],"wp:attachment":[{"href":"https:\/\/www.rekbyt.cz\/index.php\/wp-json\/wp\/v2\/media?parent=58"}],"curies":[{"name":"wp","href":"https:\/\/api.w.org\/{rel}","templated":true}]}}