{"id":8,"date":"2021-05-04T19:16:19","date_gmt":"2021-05-04T19:16:19","guid":{"rendered":"http:\/\/www.rekbyt.cz\/?page_id=8"},"modified":"2023-04-09T08:19:37","modified_gmt":"2023-04-09T08:19:37","slug":"kontakt","status":"publish","type":"page","link":"https:\/\/www.rekbyt.cz\/index.php\/kontakt\/","title":{"rendered":"Kontakt"},"content":{"rendered":"\n<p class=\"has-text-color\" style=\"color:#ffffff\">Ing. Josef Jon<br>\u0160afa\u0159\u00edkova 917<br><span class=\"has-inline-color has-primary-color\">Kralupy nad Vltavou<br>278 01<\/span><\/p>\n\n\n\n<p class=\"has-primary-color has-text-color\">I\u010c: 07998171<\/p>\n\n\n\n<p>Fyzick\u00e1 osoba podnikaj\u00edc\u00ed dle \u017eivnostensk\u00e9ho z\u00e1kona zapsan\u00e1 v \u017eivnostensk\u00e9m rejst\u0159\u00edku M\u00da Kralupy nad Vltavou.<\/p>\n\n\n\n<p>\u00da\u010det veden\u00fd u \u010cSOB v \u010desk\u00fdch korun\u00e1ch:<br>107819980 \/ 0300<\/p>\n","protected":false},"excerpt":{"rendered":"<p>Ing. Josef Jon\u0160afa\u0159\u00edkova 917Kralupy nad Vltavou278 01 I\u010c: 07998171 Fyzick\u00e1 osoba podnikaj\u00edc\u00ed dle \u017eivnostensk\u00e9ho z\u00e1kona zapsan\u00e1 v \u017eivnostensk\u00e9m rejst\u0159\u00edku M\u00da Kralupy nad Vltavou. \u00da\u010det veden\u00fd u \u010cSOB v \u010desk\u00fdch korun\u00e1ch:107819980 \/ 0300<\/p>\n","protected":false},"author":1,"featured_media":0,"parent":0,"menu_order":0,"comment_status":"closed","ping_status":"closed","template":"","meta":[],"_links":{"self":[{"href":"https:\/\/www.rekbyt.cz\/index.php\/wp-json\/wp\/v2\/pages\/8"}],"collection":[{"href":"https:\/\/www.rekbyt.cz\/index.php\/wp-json\/wp\/v2\/pages"}],"about":[{"href":"https:\/\/www.rekbyt.cz\/index.php\/wp-json\/wp\/v2\/types\/page"}],"author":[{"embeddable":true,"href":"https:\/\/www.rekbyt.cz\/index.php\/wp-json\/wp\/v2\/users\/1"}],"replies":[{"embeddable":true,"href":"https:\/\/www.rekbyt.cz\/index.php\/wp-json\/wp\/v2\/comments?post=8"}],"version-history":[{"count":8,"href":"https:\/\/www.rekbyt.cz\/index.php\/wp-json\/wp\/v2\/pages\/8\/revisions"}],"predecessor-version":[{"id":358,"href":"https:\/\/www.rekbyt.cz\/index.php\/wp-json\/wp\/v2\/pages\/8\/revisions\/358"}],"wp:attachment":[{"href":"https:\/\/www.rekbyt.cz\/index.php\/wp-json\/wp\/v2\/media?parent=8"}],"curies":[{"name":"wp","href":"https:\/\/api.w.org\/{rel}","templated":true}]}}